{"id":415,"date":"2023-05-09T22:26:18","date_gmt":"2023-05-09T20:26:18","guid":{"rendered":"https:\/\/www.wilke-hagen.de\/?page_id=415"},"modified":"2024-09-03T16:00:27","modified_gmt":"2024-09-03T14:00:27","slug":"impressum","status":"publish","type":"page","link":"https:\/\/www.wilke-hagen.de\/?page_id=415","title":{"rendered":"Impressum"},"content":{"rendered":"<div id=\"pl-415\"  class=\"panel-layout\" ><div id=\"pg-415-0\"  class=\"panel-grid panel-no-style\" ><div id=\"pgc-415-0-0\"  class=\"panel-grid-cell\" ><div id=\"panel-415-0-0-0\" class=\"so-panel widget widget_sow-editor panel-first-child panel-last-child\" data-index=\"0\" ><div\n\t\t\t\n\t\t\tclass=\"so-widget-sow-editor so-widget-sow-editor-base\"\n\t\t\t\n\t\t><h3 class=\"widget-title\">Impressum<\/h3>\n<div class=\"siteorigin-widget-tinymce textwidget\">\n\t<div class=\"siteorigin-widget-tinymce textwidget\">\n<p>&nbsp;<\/p>\n<p><span style=\"color: #ffffff;\">Wilke GmbH<img loading=\"lazy\" decoding=\"async\" class=\"wp-image-1081 alignright\" src=\"https:\/\/www.wilke-hagen.de\/wp-content\/uploads\/2023\/11\/logo_weiss-300x41.png\" alt=\"\" width=\"200\" height=\"27\" \/><\/span><\/p>\n<p><span style=\"color: #ffffff;\">Eilper Stra\u00dfe 113a<\/span><\/p>\n<p><span style=\"color: #ffffff;\">D-58091 Hagen<\/span><\/p>\n<p><span style=\"color: #ffffff;\">____________________________<\/span><\/p>\n<p><span style=\"color: #ffffff;\">Tel.: +49 (0) 2331\/3799-50<\/span><\/p>\n<p><span style=\"color: #ffffff;\">Fax: +49 (0) 2331\/3799-60<\/span><\/p>\n<p><span style=\"color: #ffffff;\">Mail:\u00a0<span id=\"cloak4f3cee5aa98b2ed3dd936c268fff67dd\"><a style=\"color: #ffffff;\" href=\"mailto:info@wilke-hagen.de\">info@wilke-hagen.de<\/a><\/span><\/span><\/p>\n<p><span style=\"color: #ffffff;\">Internet: www.wilke-hagen.de<\/span><br \/>\n<span style=\"color: #ffffff;\">____________________________<\/span><\/p>\n<p><span style=\"color: #ffffff;\">Amtsgericht Hagen HRB 2175<\/span><\/p>\n<p><span style=\"color: #ffffff;\">USt-IdNr.: DE 125129691<\/span><\/p>\n<p><span style=\"color: #ffffff;\">Gesch\u00e4ftsf\u00fchrer: Thomas Radtke, Niklas Wilke<\/span><\/p>\n<p><span style=\"color: #ffffff;\"><strong>Disclaimer<\/strong><\/span><\/p>\n<p><span style=\"color: #ffffff;\"><strong>Haftungsbeschr\u00e4nkung<\/strong><\/span><br \/>\n<span style=\"color: #ffffff;\">Die Inhalte des Internetauftritts wurden mit gr\u00f6\u00dftm\u00f6glicher Sorgfalt und nach bestem Gewissen erstellt. Dennoch \u00fcbernimmt der Anbieter dieser Webseite keine Gew\u00e4hr f\u00fcr die Aktualit\u00e4t, Vollst\u00e4ndigkeit und Richtigkeit der bereitgestellten Seiten und Inhalte.<\/span><\/p>\n<p><span style=\"color: #ffffff;\">Als Diensteanbieter ist der Anbieter dieser Webseite gem\u00e4\u00df \u00a7 7 Abs. 1 TMG f\u00fcr eigene Inhalte und bereitgestellte Informationen auf diesen Seiten nach den allgemeinen Gesetzen verantwortlich; nach den \u00a7\u00a7 8 bis 10 TMG jedoch nicht verpflichtet, die \u00fcbermittelten oder gespeicherten fremden Informationen zu \u00fcberwachen. Eine Entfernung oder Sperrung dieser Inhalte erfolgt umgehend ab dem Zeitpunkt der Kenntnis einer konkreten Rechtsverletzung. Eine Haftung ist erst ab dem Zeitpunkt der Kenntniserlangung m\u00f6glich.<\/span><\/p>\n<p><span style=\"color: #ffffff;\"><strong>Externe Links<\/strong><\/span><br \/>\n<span style=\"color: #ffffff;\">Die Webseite enth\u00e4lt sog. \u201eexterne Links\u201c (Verlinkungen) zu anderen Webseiten, auf deren Inhalt der Anbieter der Webseite keinen Einfluss hat. Aus diesem Grund kann der Anbieter f\u00fcr diese Inhalte auch keine Gew\u00e4hr \u00fcbernehmen.<\/span><br \/>\n<span style=\"color: #ffffff;\">F\u00fcr die Inhalte und Richtigkeit der bereitgestellten Informationen ist der jeweilige Anbieter der verlinkten Webseite verantwortlich. Zum Zeitpunkt der Verlinkung waren keine Rechtsverst\u00f6\u00dfe erkennbar. Bei Bekanntwerden einer solchen Rechtsverletzung wird der Link umgehend entfernen.<\/span><\/p>\n<p><span style=\"color: #ffffff;\"><strong>Urheberrecht\/Leistungsschutzrecht<\/strong><\/span><br \/>\n<span style=\"color: #ffffff;\">Die auf dieser Webseite ver\u00f6ffentlichten Inhalte, Werke und bereitgestellten Informationen unterliegen dem deutschen Urheberrecht und Leistungsschutzrecht. Jede Art der Vervielf\u00e4ltigung, Bearbeitung, Verbreitung, Einspeicherung und jede Art der Verwertung au\u00dferhalb der Grenzen des Urheberrechts bedarf der vorherigen schriftlichen Zustimmung des jeweiligen Rechteinhabers. Das unerlaubte Kopieren\/Speichern der bereitgestellten Informationen auf diesen Webseiten ist nicht gestattet und strafbar.<\/span><\/p>\n<p>&nbsp;<\/p>\n<\/div>\n<\/div>\n<\/div><\/div><\/div><\/div><\/div>","protected":false},"excerpt":{"rendered":"<p>&nbsp; Wilke GmbH Eilper Stra\u00dfe 113a D-58091 Hagen ____________________________ Tel.: +49 (0) 2331\/3799-50 Fax: +49 (0) 2331\/3799-60 Mail:\u00a0info@wilke-hagen.de Internet: www.wilke-hagen.de ____________________________ Amtsgericht Hagen HRB 2175 USt-IdNr.: DE 125129691 Gesch\u00e4ftsf\u00fchrer: Thomas Radtke, Niklas Wilke Disclaimer Haftungsbeschr\u00e4nkung Die Inhalte des Internetauftritts wurden mit gr\u00f6\u00dftm\u00f6glicher Sorgfalt und nach bestem Gewissen erstellt. Dennoch \u00fcbernimmt der Anbieter dieser Webseite keine [&hellip;]<\/p>\n","protected":false},"author":1,"featured_media":0,"parent":0,"menu_order":0,"comment_status":"closed","ping_status":"closed","template":"","meta":{"footnotes":""},"class_list":["post-415","page","type-page","status-publish","hentry","post"],"_links":{"self":[{"href":"https:\/\/www.wilke-hagen.de\/index.php?rest_route=\/wp\/v2\/pages\/415","targetHints":{"allow":["GET"]}}],"collection":[{"href":"https:\/\/www.wilke-hagen.de\/index.php?rest_route=\/wp\/v2\/pages"}],"about":[{"href":"https:\/\/www.wilke-hagen.de\/index.php?rest_route=\/wp\/v2\/types\/page"}],"author":[{"embeddable":true,"href":"https:\/\/www.wilke-hagen.de\/index.php?rest_route=\/wp\/v2\/users\/1"}],"replies":[{"embeddable":true,"href":"https:\/\/www.wilke-hagen.de\/index.php?rest_route=%2Fwp%2Fv2%2Fcomments&post=415"}],"version-history":[{"count":10,"href":"https:\/\/www.wilke-hagen.de\/index.php?rest_route=\/wp\/v2\/pages\/415\/revisions"}],"predecessor-version":[{"id":1309,"href":"https:\/\/www.wilke-hagen.de\/index.php?rest_route=\/wp\/v2\/pages\/415\/revisions\/1309"}],"wp:attachment":[{"href":"https:\/\/www.wilke-hagen.de\/index.php?rest_route=%2Fwp%2Fv2%2Fmedia&parent=415"}],"curies":[{"name":"wp","href":"https:\/\/api.w.org\/{rel}","templated":true}]}}