{"id":324,"date":"2023-05-06T11:02:03","date_gmt":"2023-05-06T09:02:03","guid":{"rendered":"https:\/\/www.wilke-hagen.de\/?page_id=324"},"modified":"2023-12-19T10:43:13","modified_gmt":"2023-12-19T09:43:13","slug":"eventequipment","status":"publish","type":"page","link":"https:\/\/www.wilke-hagen.de\/?page_id=324","title":{"rendered":"Technik"},"content":{"rendered":"<div id=\"pl-324\"  class=\"panel-layout\" ><div id=\"pg-324-0\"  class=\"panel-grid panel-has-style\" ><div class=\"so-parallax siteorigin-panels-stretch panel-row-style panel-row-style-for-324-0\" data-stretch-type=\"full\" ><img fetchpriority=\"high\" decoding=\"async\" width=\"2560\" height=\"1707\" src=\"https:\/\/www.wilke-hagen.de\/wp-content\/uploads\/2023\/11\/202311063.jpg\" class=\"attachment-full size-full\" alt=\"\" data-siteorigin-parallax=\"true\" loading=\"eager\" srcset=\"https:\/\/www.wilke-hagen.de\/wp-content\/uploads\/2023\/11\/202311063.jpg 2560w, https:\/\/www.wilke-hagen.de\/wp-content\/uploads\/2023\/11\/202311063-300x200.jpg 300w, https:\/\/www.wilke-hagen.de\/wp-content\/uploads\/2023\/11\/202311063-1024x683.jpg 1024w, https:\/\/www.wilke-hagen.de\/wp-content\/uploads\/2023\/11\/202311063-768x512.jpg 768w, https:\/\/www.wilke-hagen.de\/wp-content\/uploads\/2023\/11\/202311063-1536x1024.jpg 1536w, https:\/\/www.wilke-hagen.de\/wp-content\/uploads\/2023\/11\/202311063-2048x1366.jpg 2048w, https:\/\/www.wilke-hagen.de\/wp-content\/uploads\/2023\/11\/202311063-272x182.jpg 272w, https:\/\/www.wilke-hagen.de\/wp-content\/uploads\/2023\/11\/202311063-720x480.jpg 720w\" sizes=\"(max-width: 2560px) 100vw, 2560px\" \/><div id=\"pgc-324-0-0\"  class=\"panel-grid-cell\" ><div id=\"panel-324-0-0-0\" class=\"so-panel widget widget_sow-headline panel-first-child panel-last-child\" data-index=\"0\" ><div\n\t\t\t\n\t\t\tclass=\"so-widget-sow-headline so-widget-sow-headline-default-c01a2c756889-324 so-widget-fittext-wrapper\"\n\t\t\t data-fit-text-compressor=\"0.85\"\n\t\t><div class=\"sow-headline-container \">\n\t\t\t\t\t\t\t<h1 class=\"sow-headline\">\n\t\t\t\t\t\t<strong>Massiv, pr\u00e4zise und spezifisch<\/strong>\t\t\t\t\t\t<\/h1>\n\t\t\t\t\t\t\t\t\t\t\t\t<h3 class=\"sow-sub-headline\">\n\t\t\t\t\t\tbis zu 27 Streifen massgeschnitten ...\t\t\t\t\t\t<\/h3>\n\t\t\t\t\t\t<\/div>\n<\/div><\/div><\/div><\/div><\/div><div id=\"pg-324-1\"  class=\"panel-grid panel-has-style\" ><div class=\"siteorigin-panels-stretch panel-row-style panel-row-style-for-324-1\" data-stretch-type=\"full-stretched\" ><div id=\"pgc-324-1-0\"  class=\"panel-grid-cell\" ><div id=\"panel-324-1-0-0\" class=\"so-panel widget widget_sow-editor panel-first-child panel-last-child\" data-index=\"1\" ><div class=\"panel-widget-style panel-widget-style-for-324-1-0-0\" ><div\n\t\t\t\n\t\t\tclass=\"so-widget-sow-editor so-widget-sow-editor-base\"\n\t\t\t\n\t\t><h3 class=\"widget-title\">Qualit\u00e4t,<\/h3>\n<div class=\"siteorigin-widget-tinymce textwidget\">\n\t<p><span style=\"font-family: arial, helvetica, sans-serif; font-size: 12pt;\"><strong>... nicht nur auf dem Papier<\/strong><\/span><\/p>\n<p><span style=\"font-family: arial, helvetica, sans-serif; font-size: 12pt;\">Eine aktuelle Zertifizierung ist f\u00fcr uns selbstverst\u00e4ndlich. Kontinuit\u00e4t in der Qualit\u00e4t unserer Produkte ein Anspruch. Dazu geh\u00f6rt auch, neben der Technik, unsere Prozesse st\u00e4ndig zu verbessern.<\/span><\/p>\n<p><span style=\"font-family: arial, helvetica, sans-serif; font-size: 12pt;\">Das QM-System der Wilke GmbH ist auditiert. Die Lloyd\u00b4s Register Quality Assurance (LRQA) hat das Unternehmen nach DIN EN ISO 9001:2015 zertifiziert. Damit erf\u00fcllt das Unternehmen einen Standard in seinem Qualit\u00e4tsmanagementsystem, der den Anforderungen des Marktes gerecht wird. Nat\u00fcrlich sind wir st\u00e4ndig bem\u00fcht, unser QM-System weiter zu entwickeln, denn ein zertifiziertes System hilft uns dabei, uns und unsere Leistungen stetig zu verbessern.<\/span><\/p>\n<\/div>\n<\/div><\/div><\/div><\/div><div id=\"pgc-324-1-1\"  class=\"panel-grid-cell\" ><div id=\"panel-324-1-1-0\" class=\"so-panel widget widget_sow-editor panel-first-child panel-last-child\" data-index=\"2\" ><div class=\"panel-widget-style panel-widget-style-for-324-1-1-0\" ><div\n\t\t\t\n\t\t\tclass=\"so-widget-sow-editor so-widget-sow-editor-base\"\n\t\t\t\n\t\t><h3 class=\"widget-title\">Toleranzen -<\/h3>\n<div class=\"siteorigin-widget-tinymce textwidget\">\n\t<p><span style=\"font-size: 12pt; font-family: arial, helvetica, sans-serif;\"><strong>... Alles eine Frage der Technik<\/strong><\/span><\/p>\n<p><span style=\"font-size: 12pt; font-family: arial, helvetica, sans-serif;\">Den Toleranzen in Sachen Spaltband sind klare Grenzen gesetzt. Unsere Grenzen setzen wir gemeinsam mit Ihnen. Modernste Technik und sorgf\u00e4ltig ausgew\u00e4hltes Vormaterial erm\u00f6glichen engste Breiten- und Dickentoleranzen.<\/span><\/p>\n<p><span style=\"font-size: 12pt; font-family: arial, helvetica, sans-serif;\">In jedem Fall innerhalb der Grenzen der DIN.<\/span><\/p>\n<\/div>\n<\/div><\/div><\/div><\/div><div id=\"pgc-324-1-2\"  class=\"panel-grid-cell\" ><div id=\"panel-324-1-2-0\" class=\"so-panel widget widget_sow-editor panel-first-child panel-last-child\" data-index=\"3\" ><div class=\"panel-widget-style panel-widget-style-for-324-1-2-0\" ><div\n\t\t\t\n\t\t\tclass=\"so-widget-sow-editor so-widget-sow-editor-base\"\n\t\t\t\n\t\t><h3 class=\"widget-title\">Logistik -<\/h3>\n<div class=\"siteorigin-widget-tinymce textwidget\">\n\t<p><span style=\"font-family: arial, helvetica, sans-serif; font-size: 12pt;\"><strong>... beginnt mit Logik<\/strong><\/span><\/p>\n<p><span style=\"font-family: arial, helvetica, sans-serif; font-size: 12pt;\">Termintreue und mehr ... Flexibilit\u00e4t.<\/span><\/p>\n<p><span style=\"font-family: arial, helvetica, sans-serif; font-size: 12pt;\">Ma\u00dfgeschneiderte Logistikkonzepte gew\u00e4hrleisten h\u00f6chste Versorgungssicherheit und schnellste Lieferm\u00f6glichkeit.<\/span><br \/>\n<span style=\"font-family: arial, helvetica, sans-serif; font-size: 12pt;\">Im Sinne unserer Kunden. Logisch.<\/span><\/p>\n<\/div>\n<\/div><\/div><\/div><\/div><\/div><\/div><div id=\"pg-324-2\"  class=\"panel-grid panel-has-style\" ><div class=\"siteorigin-panels-stretch panel-row-style panel-row-style-for-324-2\" data-stretch-type=\"full-stretched\" ><div id=\"pgc-324-2-0\"  class=\"panel-grid-cell\" ><div id=\"panel-324-2-0-0\" class=\"so-panel widget widget_sow-slider panel-first-child panel-last-child\" data-index=\"4\" ><div\n\t\t\t\n\t\t\tclass=\"so-widget-sow-slider so-widget-sow-slider-default-6d39609536fd-324\"\n\t\t\t\n\t\t>\t\t\t\t<div class=\"sow-slider-base\" style=\"display: none\" tabindex=\"0\">\n\t\t\t\t\t<ul\n\t\t\t\t\tclass=\"sow-slider-images\"\n\t\t\t\t\tdata-settings=\"{&quot;pagination&quot;:true,&quot;speed&quot;:800,&quot;timeout&quot;:8000,&quot;paused&quot;:false,&quot;pause_on_hover&quot;:false,&quot;swipe&quot;:true,&quot;nav_always_show_desktop&quot;:&quot;&quot;,&quot;nav_always_show_mobile&quot;:&quot;&quot;,&quot;breakpoint&quot;:&quot;780px&quot;,&quot;unmute&quot;:false,&quot;anchor&quot;:null}\"\n\t\t\t\t\t\t\t\t\t\tdata-anchor-id=\"\"\n\t\t\t\t>\t\t<li class=\"sow-slider-image\" style=\"visibility: visible;\" >\n\t\t\t\t\t\t<img loading=\"lazy\" decoding=\"async\" width=\"1920\" height=\"300\" src=\"https:\/\/www.wilke-hagen.de\/wp-content\/uploads\/2023\/11\/header3.jpg\" class=\"sow-slider-background-image\" alt=\"\" style=\"\" srcset=\"https:\/\/www.wilke-hagen.de\/wp-content\/uploads\/2023\/11\/header3.jpg 1920w, https:\/\/www.wilke-hagen.de\/wp-content\/uploads\/2023\/11\/header3-300x47.jpg 300w, https:\/\/www.wilke-hagen.de\/wp-content\/uploads\/2023\/11\/header3-1024x160.jpg 1024w, https:\/\/www.wilke-hagen.de\/wp-content\/uploads\/2023\/11\/header3-768x120.jpg 768w, https:\/\/www.wilke-hagen.de\/wp-content\/uploads\/2023\/11\/header3-1536x240.jpg 1536w\" sizes=\"auto, (max-width: 1920px) 100vw, 1920px\" \/>\t\t<\/li>\n\t\t\t\t<li class=\"sow-slider-image\" style=\"visibility: hidden;\" >\n\t\t\t\t\t\t<img loading=\"lazy\" decoding=\"async\" width=\"2560\" height=\"400\" src=\"https:\/\/www.wilke-hagen.de\/wp-content\/uploads\/2023\/11\/header_feinblech_1-scaled.jpg\" class=\"sow-slider-background-image\" alt=\"\" style=\"\" srcset=\"https:\/\/www.wilke-hagen.de\/wp-content\/uploads\/2023\/11\/header_feinblech_1-scaled.jpg 2560w, https:\/\/www.wilke-hagen.de\/wp-content\/uploads\/2023\/11\/header_feinblech_1-300x47.jpg 300w, https:\/\/www.wilke-hagen.de\/wp-content\/uploads\/2023\/11\/header_feinblech_1-1024x160.jpg 1024w, https:\/\/www.wilke-hagen.de\/wp-content\/uploads\/2023\/11\/header_feinblech_1-768x120.jpg 768w, https:\/\/www.wilke-hagen.de\/wp-content\/uploads\/2023\/11\/header_feinblech_1-1536x240.jpg 1536w, https:\/\/www.wilke-hagen.de\/wp-content\/uploads\/2023\/11\/header_feinblech_1-2048x320.jpg 2048w\" sizes=\"auto, (max-width: 2560px) 100vw, 2560px\" \/>\t\t<\/li>\n\t\t\t\t<li class=\"sow-slider-image\" style=\"visibility: hidden;\" >\n\t\t\t\t\t\t<img loading=\"lazy\" decoding=\"async\" width=\"1920\" height=\"300\" src=\"https:\/\/www.wilke-hagen.de\/wp-content\/uploads\/2023\/11\/header0.jpg\" class=\"sow-slider-background-image\" alt=\"\" style=\"\" srcset=\"https:\/\/www.wilke-hagen.de\/wp-content\/uploads\/2023\/11\/header0.jpg 1920w, https:\/\/www.wilke-hagen.de\/wp-content\/uploads\/2023\/11\/header0-300x47.jpg 300w, https:\/\/www.wilke-hagen.de\/wp-content\/uploads\/2023\/11\/header0-1024x160.jpg 1024w, https:\/\/www.wilke-hagen.de\/wp-content\/uploads\/2023\/11\/header0-768x120.jpg 768w, https:\/\/www.wilke-hagen.de\/wp-content\/uploads\/2023\/11\/header0-1536x240.jpg 1536w\" sizes=\"auto, (max-width: 1920px) 100vw, 1920px\" \/>\t\t<\/li>\n\t\t<\/ul>\t\t\t\t<ol class=\"sow-slider-pagination\">\n\t\t\t\t\t\t\t\t\t\t\t<li><a href=\"#\" data-goto=\"0\" aria-label=\"Display slide 1\"><\/a><\/li>\n\t\t\t\t\t\t\t\t\t\t\t<li><a href=\"#\" data-goto=\"1\" aria-label=\"Display slide 2\"><\/a><\/li>\n\t\t\t\t\t\t\t\t\t\t\t<li><a href=\"#\" data-goto=\"2\" aria-label=\"Display slide 3\"><\/a><\/li>\n\t\t\t\t\t\t\t\t\t<\/ol>\n\n\t\t\t\t<div class=\"sow-slide-nav sow-slide-nav-next\">\n\t\t\t\t\t<a href=\"#\" data-goto=\"next\" aria-label=\"Next slide\" data-action=\"next\">\n\t\t\t\t\t\t<em class=\"sow-sld-icon-thin-right\"><\/em>\n\t\t\t\t\t<\/a>\n\t\t\t\t<\/div>\n\n\t\t\t\t<div class=\"sow-slide-nav sow-slide-nav-prev\">\n\t\t\t\t\t<a href=\"#\" data-goto=\"previous\" aria-label=\"Previous slide\" data-action=\"prev\">\n\t\t\t\t\t\t<em class=\"sow-sld-icon-thin-left\"><\/em>\n\t\t\t\t\t<\/a>\n\t\t\t\t<\/div>\n\t\t\t\t<\/div><\/div><\/div><\/div><div id=\"pgc-324-2-1\"  class=\"panel-grid-cell\" ><div id=\"panel-324-2-1-0\" class=\"so-panel widget widget_sow-slider panel-first-child panel-last-child\" data-index=\"5\" ><div\n\t\t\t\n\t\t\tclass=\"so-widget-sow-slider so-widget-sow-slider-default-6d39609536fd-324\"\n\t\t\t\n\t\t>\t\t\t\t<div class=\"sow-slider-base\" style=\"display: none\" tabindex=\"0\">\n\t\t\t\t\t<ul\n\t\t\t\t\tclass=\"sow-slider-images\"\n\t\t\t\t\tdata-settings=\"{&quot;pagination&quot;:true,&quot;speed&quot;:800,&quot;timeout&quot;:8000,&quot;paused&quot;:false,&quot;pause_on_hover&quot;:false,&quot;swipe&quot;:true,&quot;nav_always_show_desktop&quot;:&quot;&quot;,&quot;nav_always_show_mobile&quot;:&quot;&quot;,&quot;breakpoint&quot;:&quot;780px&quot;,&quot;unmute&quot;:false,&quot;anchor&quot;:null}\"\n\t\t\t\t\t\t\t\t\t\tdata-anchor-id=\"\"\n\t\t\t\t>\t\t<li class=\"sow-slider-image\" style=\"visibility: visible;\" >\n\t\t\t\t\t\t<img loading=\"lazy\" decoding=\"async\" width=\"1920\" height=\"300\" src=\"https:\/\/www.wilke-hagen.de\/wp-content\/uploads\/2023\/11\/header5.jpg\" class=\"sow-slider-background-image\" alt=\"\" style=\"\" srcset=\"https:\/\/www.wilke-hagen.de\/wp-content\/uploads\/2023\/11\/header5.jpg 1920w, https:\/\/www.wilke-hagen.de\/wp-content\/uploads\/2023\/11\/header5-300x47.jpg 300w, https:\/\/www.wilke-hagen.de\/wp-content\/uploads\/2023\/11\/header5-1024x160.jpg 1024w, https:\/\/www.wilke-hagen.de\/wp-content\/uploads\/2023\/11\/header5-768x120.jpg 768w, https:\/\/www.wilke-hagen.de\/wp-content\/uploads\/2023\/11\/header5-1536x240.jpg 1536w\" sizes=\"auto, (max-width: 1920px) 100vw, 1920px\" \/>\t\t<\/li>\n\t\t\t\t<li class=\"sow-slider-image\" style=\"visibility: hidden;\" >\n\t\t\t\t\t\t<img loading=\"lazy\" decoding=\"async\" width=\"2560\" height=\"400\" src=\"https:\/\/www.wilke-hagen.de\/wp-content\/uploads\/2023\/11\/header_feinblech_0-scaled.jpg\" class=\"sow-slider-background-image\" alt=\"\" style=\"\" srcset=\"https:\/\/www.wilke-hagen.de\/wp-content\/uploads\/2023\/11\/header_feinblech_0-scaled.jpg 2560w, https:\/\/www.wilke-hagen.de\/wp-content\/uploads\/2023\/11\/header_feinblech_0-300x47.jpg 300w, https:\/\/www.wilke-hagen.de\/wp-content\/uploads\/2023\/11\/header_feinblech_0-1024x160.jpg 1024w, https:\/\/www.wilke-hagen.de\/wp-content\/uploads\/2023\/11\/header_feinblech_0-768x120.jpg 768w, https:\/\/www.wilke-hagen.de\/wp-content\/uploads\/2023\/11\/header_feinblech_0-1536x240.jpg 1536w, https:\/\/www.wilke-hagen.de\/wp-content\/uploads\/2023\/11\/header_feinblech_0-2048x320.jpg 2048w\" sizes=\"auto, (max-width: 2560px) 100vw, 2560px\" \/>\t\t<\/li>\n\t\t\t\t<li class=\"sow-slider-image\" style=\"visibility: hidden;\" >\n\t\t\t\t\t\t<img loading=\"lazy\" decoding=\"async\" width=\"1920\" height=\"300\" src=\"https:\/\/www.wilke-hagen.de\/wp-content\/uploads\/2023\/11\/header8.jpg\" class=\"sow-slider-background-image\" alt=\"\" style=\"\" srcset=\"https:\/\/www.wilke-hagen.de\/wp-content\/uploads\/2023\/11\/header8.jpg 1920w, https:\/\/www.wilke-hagen.de\/wp-content\/uploads\/2023\/11\/header8-300x47.jpg 300w, https:\/\/www.wilke-hagen.de\/wp-content\/uploads\/2023\/11\/header8-1024x160.jpg 1024w, https:\/\/www.wilke-hagen.de\/wp-content\/uploads\/2023\/11\/header8-768x120.jpg 768w, https:\/\/www.wilke-hagen.de\/wp-content\/uploads\/2023\/11\/header8-1536x240.jpg 1536w\" sizes=\"auto, (max-width: 1920px) 100vw, 1920px\" \/>\t\t<\/li>\n\t\t<\/ul>\t\t\t\t<ol class=\"sow-slider-pagination\">\n\t\t\t\t\t\t\t\t\t\t\t<li><a href=\"#\" data-goto=\"0\" aria-label=\"Display slide 1\"><\/a><\/li>\n\t\t\t\t\t\t\t\t\t\t\t<li><a href=\"#\" data-goto=\"1\" aria-label=\"Display slide 2\"><\/a><\/li>\n\t\t\t\t\t\t\t\t\t\t\t<li><a href=\"#\" data-goto=\"2\" aria-label=\"Display slide 3\"><\/a><\/li>\n\t\t\t\t\t\t\t\t\t<\/ol>\n\n\t\t\t\t<div class=\"sow-slide-nav sow-slide-nav-next\">\n\t\t\t\t\t<a href=\"#\" data-goto=\"next\" aria-label=\"Next slide\" data-action=\"next\">\n\t\t\t\t\t\t<em class=\"sow-sld-icon-thin-right\"><\/em>\n\t\t\t\t\t<\/a>\n\t\t\t\t<\/div>\n\n\t\t\t\t<div class=\"sow-slide-nav sow-slide-nav-prev\">\n\t\t\t\t\t<a href=\"#\" data-goto=\"previous\" aria-label=\"Previous slide\" data-action=\"prev\">\n\t\t\t\t\t\t<em class=\"sow-sld-icon-thin-left\"><\/em>\n\t\t\t\t\t<\/a>\n\t\t\t\t<\/div>\n\t\t\t\t<\/div><\/div><\/div><\/div><div id=\"pgc-324-2-2\"  class=\"panel-grid-cell\" ><div id=\"panel-324-2-2-0\" class=\"so-panel widget widget_sow-slider panel-first-child panel-last-child\" data-index=\"6\" ><div\n\t\t\t\n\t\t\tclass=\"so-widget-sow-slider so-widget-sow-slider-default-6d39609536fd-324\"\n\t\t\t\n\t\t>\t\t\t\t<div class=\"sow-slider-base\" style=\"display: none\" tabindex=\"0\">\n\t\t\t\t\t<ul\n\t\t\t\t\tclass=\"sow-slider-images\"\n\t\t\t\t\tdata-settings=\"{&quot;pagination&quot;:true,&quot;speed&quot;:800,&quot;timeout&quot;:8000,&quot;paused&quot;:false,&quot;pause_on_hover&quot;:false,&quot;swipe&quot;:true,&quot;nav_always_show_desktop&quot;:&quot;&quot;,&quot;nav_always_show_mobile&quot;:&quot;&quot;,&quot;breakpoint&quot;:&quot;780px&quot;,&quot;unmute&quot;:false,&quot;anchor&quot;:null}\"\n\t\t\t\t\t\t\t\t\t\tdata-anchor-id=\"\"\n\t\t\t\t>\t\t<li class=\"sow-slider-image\" style=\"visibility: visible;\" >\n\t\t\t\t\t\t<img loading=\"lazy\" decoding=\"async\" width=\"1920\" height=\"300\" src=\"https:\/\/www.wilke-hagen.de\/wp-content\/uploads\/2023\/11\/header4.jpg\" class=\"sow-slider-background-image\" alt=\"\" style=\"\" srcset=\"https:\/\/www.wilke-hagen.de\/wp-content\/uploads\/2023\/11\/header4.jpg 1920w, https:\/\/www.wilke-hagen.de\/wp-content\/uploads\/2023\/11\/header4-300x47.jpg 300w, https:\/\/www.wilke-hagen.de\/wp-content\/uploads\/2023\/11\/header4-1024x160.jpg 1024w, https:\/\/www.wilke-hagen.de\/wp-content\/uploads\/2023\/11\/header4-768x120.jpg 768w, https:\/\/www.wilke-hagen.de\/wp-content\/uploads\/2023\/11\/header4-1536x240.jpg 1536w\" sizes=\"auto, (max-width: 1920px) 100vw, 1920px\" \/>\t\t<\/li>\n\t\t\t\t<li class=\"sow-slider-image\" style=\"visibility: hidden;\" >\n\t\t\t\t\t\t<img loading=\"lazy\" decoding=\"async\" width=\"1920\" height=\"300\" src=\"https:\/\/www.wilke-hagen.de\/wp-content\/uploads\/2023\/11\/header2.jpg\" class=\"sow-slider-background-image\" alt=\"\" style=\"\" srcset=\"https:\/\/www.wilke-hagen.de\/wp-content\/uploads\/2023\/11\/header2.jpg 1920w, https:\/\/www.wilke-hagen.de\/wp-content\/uploads\/2023\/11\/header2-300x47.jpg 300w, https:\/\/www.wilke-hagen.de\/wp-content\/uploads\/2023\/11\/header2-1024x160.jpg 1024w, https:\/\/www.wilke-hagen.de\/wp-content\/uploads\/2023\/11\/header2-768x120.jpg 768w, https:\/\/www.wilke-hagen.de\/wp-content\/uploads\/2023\/11\/header2-1536x240.jpg 1536w\" sizes=\"auto, (max-width: 1920px) 100vw, 1920px\" \/>\t\t<\/li>\n\t\t\t\t<li class=\"sow-slider-image\" style=\"visibility: hidden;\" >\n\t\t\t\t\t\t<img loading=\"lazy\" decoding=\"async\" width=\"1920\" height=\"300\" src=\"https:\/\/www.wilke-hagen.de\/wp-content\/uploads\/2023\/11\/header4.jpg\" class=\"sow-slider-background-image\" alt=\"\" style=\"\" srcset=\"https:\/\/www.wilke-hagen.de\/wp-content\/uploads\/2023\/11\/header4.jpg 1920w, https:\/\/www.wilke-hagen.de\/wp-content\/uploads\/2023\/11\/header4-300x47.jpg 300w, https:\/\/www.wilke-hagen.de\/wp-content\/uploads\/2023\/11\/header4-1024x160.jpg 1024w, https:\/\/www.wilke-hagen.de\/wp-content\/uploads\/2023\/11\/header4-768x120.jpg 768w, https:\/\/www.wilke-hagen.de\/wp-content\/uploads\/2023\/11\/header4-1536x240.jpg 1536w\" sizes=\"auto, (max-width: 1920px) 100vw, 1920px\" \/>\t\t<\/li>\n\t\t<\/ul>\t\t\t\t<ol class=\"sow-slider-pagination\">\n\t\t\t\t\t\t\t\t\t\t\t<li><a href=\"#\" data-goto=\"0\" aria-label=\"Display slide 1\"><\/a><\/li>\n\t\t\t\t\t\t\t\t\t\t\t<li><a href=\"#\" data-goto=\"1\" aria-label=\"Display slide 2\"><\/a><\/li>\n\t\t\t\t\t\t\t\t\t\t\t<li><a href=\"#\" data-goto=\"2\" aria-label=\"Display slide 3\"><\/a><\/li>\n\t\t\t\t\t\t\t\t\t<\/ol>\n\n\t\t\t\t<div class=\"sow-slide-nav sow-slide-nav-next\">\n\t\t\t\t\t<a href=\"#\" data-goto=\"next\" aria-label=\"Next slide\" data-action=\"next\">\n\t\t\t\t\t\t<em class=\"sow-sld-icon-thin-right\"><\/em>\n\t\t\t\t\t<\/a>\n\t\t\t\t<\/div>\n\n\t\t\t\t<div class=\"sow-slide-nav sow-slide-nav-prev\">\n\t\t\t\t\t<a href=\"#\" data-goto=\"previous\" aria-label=\"Previous slide\" data-action=\"prev\">\n\t\t\t\t\t\t<em class=\"sow-sld-icon-thin-left\"><\/em>\n\t\t\t\t\t<\/a>\n\t\t\t\t<\/div>\n\t\t\t\t<\/div><\/div><\/div><\/div><\/div><\/div><\/div>","protected":false},"excerpt":{"rendered":"<p>&#8230; nicht nur auf dem Papier Eine aktuelle Zertifizierung ist f\u00fcr uns selbstverst\u00e4ndlich. Kontinuit\u00e4t in der Qualit\u00e4t unserer Produkte ein Anspruch. Dazu geh\u00f6rt auch, neben der Technik, unsere Prozesse st\u00e4ndig zu verbessern. Das QM-System der Wilke GmbH ist auditiert. Die Lloyd\u00b4s Register Quality Assurance (LRQA) hat das Unternehmen nach DIN EN ISO 9001:2015 zertifiziert. Damit [&hellip;]<\/p>\n","protected":false},"author":1,"featured_media":0,"parent":0,"menu_order":0,"comment_status":"closed","ping_status":"closed","template":"home-panels.php","meta":{"footnotes":""},"class_list":["post-324","page","type-page","status-publish","hentry","post"],"_links":{"self":[{"href":"https:\/\/www.wilke-hagen.de\/index.php?rest_route=\/wp\/v2\/pages\/324","targetHints":{"allow":["GET"]}}],"collection":[{"href":"https:\/\/www.wilke-hagen.de\/index.php?rest_route=\/wp\/v2\/pages"}],"about":[{"href":"https:\/\/www.wilke-hagen.de\/index.php?rest_route=\/wp\/v2\/types\/page"}],"author":[{"embeddable":true,"href":"https:\/\/www.wilke-hagen.de\/index.php?rest_route=\/wp\/v2\/users\/1"}],"replies":[{"embeddable":true,"href":"https:\/\/www.wilke-hagen.de\/index.php?rest_route=%2Fwp%2Fv2%2Fcomments&post=324"}],"version-history":[{"count":75,"href":"https:\/\/www.wilke-hagen.de\/index.php?rest_route=\/wp\/v2\/pages\/324\/revisions"}],"predecessor-version":[{"id":341,"href":"https:\/\/www.wilke-hagen.de\/index.php?rest_route=\/wp\/v2\/pages\/324\/revisions\/341"}],"wp:attachment":[{"href":"https:\/\/www.wilke-hagen.de\/index.php?rest_route=%2Fwp%2Fv2%2Fmedia&parent=324"}],"curies":[{"name":"wp","href":"https:\/\/api.w.org\/{rel}","templated":true}]}}