{"id":140,"date":"2017-06-25T10:28:17","date_gmt":"2017-06-25T10:28:17","guid":{"rendered":"http:\/\/vantage.packs.siteorigin.com\/?page_id=140"},"modified":"2025-04-03T16:37:09","modified_gmt":"2025-04-03T14:37:09","slug":"contact","status":"publish","type":"page","link":"https:\/\/www.wilke-hagen.de\/?page_id=140","title":{"rendered":"Kontakt"},"content":{"rendered":"<div id=\"pl-140\"  class=\"panel-layout\" ><div id=\"pg-140-0\"  class=\"panel-grid panel-has-style\" ><div class=\"so-parallax siteorigin-panels-stretch panel-row-style panel-row-style-for-140-0\" data-stretch-type=\"full\" ><img fetchpriority=\"high\" decoding=\"async\" width=\"2560\" height=\"1707\" src=\"https:\/\/www.wilke-hagen.de\/wp-content\/uploads\/2023\/11\/202311051.jpg\" class=\"attachment-full size-full\" alt=\"\" data-siteorigin-parallax=\"true\" loading=\"eager\" srcset=\"https:\/\/www.wilke-hagen.de\/wp-content\/uploads\/2023\/11\/202311051.jpg 2560w, https:\/\/www.wilke-hagen.de\/wp-content\/uploads\/2023\/11\/202311051-300x200.jpg 300w, https:\/\/www.wilke-hagen.de\/wp-content\/uploads\/2023\/11\/202311051-1024x683.jpg 1024w, https:\/\/www.wilke-hagen.de\/wp-content\/uploads\/2023\/11\/202311051-768x512.jpg 768w, https:\/\/www.wilke-hagen.de\/wp-content\/uploads\/2023\/11\/202311051-1536x1024.jpg 1536w, https:\/\/www.wilke-hagen.de\/wp-content\/uploads\/2023\/11\/202311051-2048x1366.jpg 2048w, https:\/\/www.wilke-hagen.de\/wp-content\/uploads\/2023\/11\/202311051-272x182.jpg 272w, https:\/\/www.wilke-hagen.de\/wp-content\/uploads\/2023\/11\/202311051-720x480.jpg 720w\" sizes=\"(max-width: 2560px) 100vw, 2560px\" \/><div id=\"pgc-140-0-0\"  class=\"panel-grid-cell\" ><div id=\"panel-140-0-0-0\" class=\"so-panel widget widget_sow-headline panel-first-child panel-last-child\" data-index=\"0\" ><div\n\t\t\t\n\t\t\tclass=\"so-widget-sow-headline so-widget-sow-headline-default-c01a2c756889-140 so-widget-fittext-wrapper\"\n\t\t\t data-fit-text-compressor=\"0.85\"\n\t\t><div class=\"sow-headline-container \">\n\t\t\t\t\t\t\t<h1 class=\"sow-headline\">\n\t\t\t\t\t\tIhr Ansprechpartner<\/strong>\t\t\t\t\t\t<\/h1>\n\t\t\t\t\t\t\t\t\t\t\t\t<h3 class=\"sow-sub-headline\">\n\t\t\t\t\t\tf\u00fcr Warmband, Kaltband und Feinblech ...\t\t\t\t\t\t<\/h3>\n\t\t\t\t\t\t<\/div>\n<\/div><\/div><\/div><\/div><\/div><div id=\"pg-140-1\"  class=\"panel-grid panel-has-style\" ><div class=\"siteorigin-panels-stretch panel-row-style panel-row-style-for-140-1\" data-stretch-type=\"full-width-stretch\" ><div id=\"pgc-140-1-0\"  class=\"panel-grid-cell\" ><div id=\"panel-140-1-0-0\" class=\"so-panel widget widget_sow-editor panel-first-child panel-last-child\" data-index=\"1\" ><div class=\"panel-widget-style panel-widget-style-for-140-1-0-0\" ><div\n\t\t\t\n\t\t\tclass=\"so-widget-sow-editor so-widget-sow-editor-base\"\n\t\t\t\n\t\t><h3 class=\"widget-title\">Gesch\u00e4ftsf\u00fchrung<\/h3>\n<div class=\"siteorigin-widget-tinymce textwidget\">\n\t<div class=\"siteorigin-widget-tinymce textwidget\">\n<p><img loading=\"lazy\" decoding=\"async\" class=\"aligncenter wp-image-933\" src=\"https:\/\/www.wilke-hagen.de\/wp-content\/uploads\/2023\/11\/Thomas_Radtke_klein-200x300.jpg\" alt=\"\" width=\"133\" height=\"200\" srcset=\"https:\/\/www.wilke-hagen.de\/wp-content\/uploads\/2023\/11\/Thomas_Radtke_klein-200x300.jpg 200w, https:\/\/www.wilke-hagen.de\/wp-content\/uploads\/2023\/11\/Thomas_Radtke_klein.jpg 375w\" sizes=\"auto, (max-width: 133px) 100vw, 133px\" \/><\/p>\n<p style=\"text-align: center;\"><span style=\"font-size: 12pt; color: #ffffff;\">Thomas Radtke<\/span><\/p>\n<p style=\"text-align: center;\"><span style=\"font-size: 12pt; color: #ffffff;\">Gesch\u00e4ftsf\u00fchrung<\/span><\/p>\n<p style=\"text-align: center;\"><span style=\"font-size: 12pt; color: #ffffff;\">+49 2374 935105<\/span><\/p>\n<p style=\"text-align: center;\"><a href=\"https:\/\/www.wilke-hagen.de\/?page_id=1061\" target=\"_blank\" rel=\"noopener\"><img loading=\"lazy\" decoding=\"async\" class=\"wp-image-1229 aligncenter\" src=\"https:\/\/www.wilke-hagen.de\/wp-content\/uploads\/2023\/12\/mail-300x300.png\" alt=\"\" width=\"100\" height=\"100\" srcset=\"https:\/\/www.wilke-hagen.de\/wp-content\/uploads\/2023\/12\/mail-300x300.png 300w, https:\/\/www.wilke-hagen.de\/wp-content\/uploads\/2023\/12\/mail-150x150.png 150w, https:\/\/www.wilke-hagen.de\/wp-content\/uploads\/2023\/12\/mail-375x375.png 375w, https:\/\/www.wilke-hagen.de\/wp-content\/uploads\/2023\/12\/mail.png 512w\" sizes=\"auto, (max-width: 100px) 100vw, 100px\" \/><\/a><\/p>\n<\/div>\n<\/div>\n<\/div><\/div><\/div><\/div><div id=\"pgc-140-1-1\"  class=\"panel-grid-cell\" ><div id=\"panel-140-1-1-0\" class=\"so-panel widget widget_sow-editor panel-first-child panel-last-child\" data-index=\"2\" ><div class=\"panel-widget-style panel-widget-style-for-140-1-1-0\" ><div\n\t\t\t\n\t\t\tclass=\"so-widget-sow-editor so-widget-sow-editor-base\"\n\t\t\t\n\t\t><h3 class=\"widget-title\">Gesch\u00e4ftsf\u00fchrung<\/h3>\n<div class=\"siteorigin-widget-tinymce textwidget\">\n\t<div class=\"siteorigin-widget-tinymce textwidget\">\n<p><img loading=\"lazy\" decoding=\"async\" class=\"aligncenter wp-image-1321\" src=\"https:\/\/www.wilke-hagen.de\/wp-content\/uploads\/2024\/09\/niklas_wilke_klein.jpg\" alt=\"\" width=\"133\" height=\"200\" \/><\/p>\n<p style=\"text-align: center;\"><span style=\"font-size: 12pt; color: #ffffff;\">Niklas Wilke<\/span><\/p>\n<p style=\"text-align: center;\"><span style=\"font-size: 12pt; color: #ffffff;\">Gesch\u00e4ftsf\u00fchrung<\/span><\/p>\n<p style=\"text-align: center;\"><span style=\"font-size: 12pt; color: #ffffff;\">+49 2331 379951<\/span><\/p>\n<p style=\"text-align: center;\"><a href=\"https:\/\/www.wilke-hagen.de\/?page_id=1135\" target=\"_blank\" rel=\"noopener\"><img loading=\"lazy\" decoding=\"async\" class=\"aligncenter wp-image-1229\" src=\"https:\/\/www.wilke-hagen.de\/wp-content\/uploads\/2023\/12\/mail-300x300.png\" alt=\"\" width=\"100\" height=\"100\" srcset=\"https:\/\/www.wilke-hagen.de\/wp-content\/uploads\/2023\/12\/mail-300x300.png 300w, https:\/\/www.wilke-hagen.de\/wp-content\/uploads\/2023\/12\/mail-150x150.png 150w, https:\/\/www.wilke-hagen.de\/wp-content\/uploads\/2023\/12\/mail-375x375.png 375w, https:\/\/www.wilke-hagen.de\/wp-content\/uploads\/2023\/12\/mail.png 512w\" sizes=\"auto, (max-width: 100px) 100vw, 100px\" \/><\/a><\/p>\n<\/div>\n<\/div>\n<\/div><\/div><\/div><\/div><div id=\"pgc-140-1-2\"  class=\"panel-grid-cell panel-grid-cell-empty\" ><\/div><div id=\"pgc-140-1-3\"  class=\"panel-grid-cell\" ><div id=\"panel-140-1-3-0\" class=\"so-panel widget widget_sow-editor panel-first-child panel-last-child\" data-index=\"3\" ><div class=\"panel-widget-style panel-widget-style-for-140-1-3-0\" ><div\n\t\t\t\n\t\t\tclass=\"so-widget-sow-editor so-widget-sow-editor-base\"\n\t\t\t\n\t\t><h3 class=\"widget-title\">Anschrift<\/h3>\n<div class=\"siteorigin-widget-tinymce textwidget\">\n\t<div class=\"siteorigin-widget-tinymce textwidget\">\n<h2><span style=\"color: #ffffff;\">Wilke GmbH<\/span><\/h2>\n<p><span style=\"color: #ffffff;\">Eilper Stra\u00dfe 113a<\/span><br \/>\n<span style=\"color: #ffffff;\">D-58091 Hagen<\/span><\/p>\n<h1><span style=\"color: #ffffff;\">Phone<\/span><\/h1>\n<p><span style=\"color: #ffffff;\">+49 (0) 2331\/3799-50<\/span><\/p>\n<h1><span style=\"color: #ffffff;\">Fax<\/span><\/h1>\n<p><span style=\"color: #ffffff;\">Fax: +49 (0) 2331\/3799-60<\/span><\/p>\n<p><span style=\"color: #ffffff;\">Internet: www.wilke-hagen.de<\/span><\/p>\n<\/div>\n<\/div>\n<\/div><\/div><\/div><\/div><\/div><\/div><div id=\"pg-140-2\"  class=\"panel-grid panel-has-style\" ><div class=\"siteorigin-panels-stretch panel-row-style panel-row-style-for-140-2\" data-stretch-type=\"full-width-stretch\" ><div id=\"pgc-140-2-0\"  class=\"panel-grid-cell\" ><div id=\"panel-140-2-0-0\" class=\"so-panel widget widget_sow-editor panel-first-child\" data-index=\"4\" ><div class=\"panel-widget-style panel-widget-style-for-140-2-0-0\" ><div\n\t\t\t\n\t\t\tclass=\"so-widget-sow-editor so-widget-sow-editor-base\"\n\t\t\t\n\t\t><h3 class=\"widget-title\">Vertrieb<\/h3>\n<div class=\"siteorigin-widget-tinymce textwidget\">\n\t<div class=\"siteorigin-widget-tinymce textwidget\">\n<p><img loading=\"lazy\" decoding=\"async\" class=\"aligncenter wp-image-934\" src=\"https:\/\/www.wilke-hagen.de\/wp-content\/uploads\/2023\/11\/Uwe_Ginsberg_klein-200x300.jpg\" alt=\"\" width=\"133\" height=\"200\" srcset=\"https:\/\/www.wilke-hagen.de\/wp-content\/uploads\/2023\/11\/Uwe_Ginsberg_klein-200x300.jpg 200w, https:\/\/www.wilke-hagen.de\/wp-content\/uploads\/2023\/11\/Uwe_Ginsberg_klein.jpg 375w\" sizes=\"auto, (max-width: 133px) 100vw, 133px\" \/><\/p>\n<p style=\"text-align: center;\"><span style=\"font-size: 12pt; color: #ffffff;\">Uwe Ginsberg<\/span><\/p>\n<p style=\"text-align: center;\"><span style=\"font-size: 12pt; color: #ffffff;\">Prokurist Vertrieb<\/span><\/p>\n<p style=\"text-align: center;\"><span style=\"font-size: 12pt; color: #ffffff;\">+49 2331 379954<\/span><\/p>\n<p style=\"text-align: center;\"><a href=\"https:\/\/www.wilke-hagen.de\/?page_id=1136\" target=\"_blank\" rel=\"noopener\"><img loading=\"lazy\" decoding=\"async\" class=\"aligncenter wp-image-1229\" src=\"https:\/\/www.wilke-hagen.de\/wp-content\/uploads\/2023\/12\/mail-300x300.png\" alt=\"\" width=\"100\" height=\"100\" srcset=\"https:\/\/www.wilke-hagen.de\/wp-content\/uploads\/2023\/12\/mail-300x300.png 300w, https:\/\/www.wilke-hagen.de\/wp-content\/uploads\/2023\/12\/mail-150x150.png 150w, https:\/\/www.wilke-hagen.de\/wp-content\/uploads\/2023\/12\/mail-375x375.png 375w, https:\/\/www.wilke-hagen.de\/wp-content\/uploads\/2023\/12\/mail.png 512w\" sizes=\"auto, (max-width: 100px) 100vw, 100px\" \/><\/a><\/p>\n<\/div>\n<\/div>\n<\/div><\/div><\/div><div id=\"panel-140-2-0-1\" class=\"so-panel widget widget_sow-editor panel-last-child\" data-index=\"5\" ><div class=\"panel-widget-style panel-widget-style-for-140-2-0-1\" ><div\n\t\t\t\n\t\t\tclass=\"so-widget-sow-editor so-widget-sow-editor-base\"\n\t\t\t\n\t\t><h3 class=\"widget-title\">Buchhaltung<\/h3>\n<div class=\"siteorigin-widget-tinymce textwidget\">\n\t<div class=\"siteorigin-widget-tinymce textwidget\">\n<p><img loading=\"lazy\" decoding=\"async\" class=\"aligncenter wp-image-1344\" src=\"https:\/\/www.wilke-hagen.de\/wp-content\/uploads\/2025\/04\/sandra_Bertram_klein-200x300-2.jpg\" alt=\"\" width=\"133\" height=\"200\" \/><\/p>\n<p style=\"text-align: center;\"><span style=\"font-size: 12pt; color: #ffffff;\">Sandra Bertram<\/span><\/p>\n<p style=\"text-align: center;\"><span style=\"font-size: 12pt; color: #ffffff;\">Buchhaltung<\/span><\/p>\n<p style=\"text-align: center;\"><span style=\"font-size: 12pt; color: #ffffff;\">+49 2331 379950<\/span><\/p>\n<p style=\"text-align: center;\"><a href=\"https:\/\/www.wilke-hagen.de\/?page_id=1255\" target=\"_blank\" rel=\"noopener\"><img loading=\"lazy\" decoding=\"async\" class=\"aligncenter wp-image-1229\" src=\"https:\/\/www.wilke-hagen.de\/wp-content\/uploads\/2023\/12\/mail-300x300.png\" alt=\"\" width=\"100\" height=\"100\" srcset=\"https:\/\/www.wilke-hagen.de\/wp-content\/uploads\/2023\/12\/mail-300x300.png 300w, https:\/\/www.wilke-hagen.de\/wp-content\/uploads\/2023\/12\/mail-150x150.png 150w, https:\/\/www.wilke-hagen.de\/wp-content\/uploads\/2023\/12\/mail-375x375.png 375w, https:\/\/www.wilke-hagen.de\/wp-content\/uploads\/2023\/12\/mail.png 512w\" sizes=\"auto, (max-width: 100px) 100vw, 100px\" \/><\/a><\/p>\n<\/div>\n<\/div>\n<\/div><\/div><\/div><\/div><div id=\"pgc-140-2-1\"  class=\"panel-grid-cell\" ><div id=\"panel-140-2-1-0\" class=\"so-panel widget widget_sow-editor panel-first-child\" data-index=\"6\" ><div class=\"panel-widget-style panel-widget-style-for-140-2-1-0\" ><div\n\t\t\t\n\t\t\tclass=\"so-widget-sow-editor so-widget-sow-editor-base\"\n\t\t\t\n\t\t><h3 class=\"widget-title\">Terminplanung<\/h3>\n<div class=\"siteorigin-widget-tinymce textwidget\">\n\t<div class=\"siteorigin-widget-tinymce textwidget\">\n<p><img loading=\"lazy\" decoding=\"async\" class=\"aligncenter wp-image-927\" src=\"https:\/\/www.wilke-hagen.de\/wp-content\/uploads\/2023\/11\/Christina_Litza_klein-200x300.jpg\" alt=\"\" width=\"133\" height=\"200\" srcset=\"https:\/\/www.wilke-hagen.de\/wp-content\/uploads\/2023\/11\/Christina_Litza_klein-200x300.jpg 200w, https:\/\/www.wilke-hagen.de\/wp-content\/uploads\/2023\/11\/Christina_Litza_klein.jpg 375w\" sizes=\"auto, (max-width: 133px) 100vw, 133px\" \/><\/p>\n<p style=\"text-align: center;\"><span style=\"font-size: 12pt; color: #ffffff;\">Christina Litza<\/span><\/p>\n<p style=\"text-align: center;\"><span style=\"font-size: 12pt; color: #ffffff;\">Terminplanung<\/span><\/p>\n<p style=\"text-align: center;\"><span style=\"font-size: 12pt; color: #ffffff;\">+49 2331 379955<\/span><\/p>\n<p style=\"text-align: center;\"><a href=\"https:\/\/www.wilke-hagen.de\/?page_id=1140\" target=\"_blank\" rel=\"noopener\"><img loading=\"lazy\" decoding=\"async\" class=\"aligncenter wp-image-1229\" src=\"https:\/\/www.wilke-hagen.de\/wp-content\/uploads\/2023\/12\/mail-300x300.png\" alt=\"\" width=\"100\" height=\"100\" srcset=\"https:\/\/www.wilke-hagen.de\/wp-content\/uploads\/2023\/12\/mail-300x300.png 300w, https:\/\/www.wilke-hagen.de\/wp-content\/uploads\/2023\/12\/mail-150x150.png 150w, https:\/\/www.wilke-hagen.de\/wp-content\/uploads\/2023\/12\/mail-375x375.png 375w, https:\/\/www.wilke-hagen.de\/wp-content\/uploads\/2023\/12\/mail.png 512w\" sizes=\"auto, (max-width: 100px) 100vw, 100px\" \/><\/a><\/p>\n<\/div>\n<\/div>\n<\/div><\/div><\/div><div id=\"panel-140-2-1-1\" class=\"so-panel widget widget_sow-editor panel-last-child\" data-index=\"7\" ><div class=\"panel-widget-style panel-widget-style-for-140-2-1-1\" ><div\n\t\t\t\n\t\t\tclass=\"so-widget-sow-editor so-widget-sow-editor-base\"\n\t\t\t\n\t\t><h3 class=\"widget-title\">Auftragsabwicklung<\/h3>\n<div class=\"siteorigin-widget-tinymce textwidget\">\n\t<div class=\"siteorigin-widget-tinymce textwidget\">\n<p><img loading=\"lazy\" decoding=\"async\" class=\"aligncenter wp-image-1271\" src=\"https:\/\/www.wilke-hagen.de\/wp-content\/uploads\/2024\/04\/Fiorella_-Butera_klein-200x300.jpg\" alt=\"\" width=\"133\" height=\"200\" srcset=\"https:\/\/www.wilke-hagen.de\/wp-content\/uploads\/2024\/04\/Fiorella_-Butera_klein-200x300.jpg 200w, https:\/\/www.wilke-hagen.de\/wp-content\/uploads\/2024\/04\/Fiorella_-Butera_klein.jpg 375w\" sizes=\"auto, (max-width: 133px) 100vw, 133px\" \/><\/p>\n<p style=\"text-align: center;\"><span style=\"font-size: 12pt; color: #ffffff;\">Fiorella Butera<\/span><\/p>\n<p style=\"text-align: center;\"><span style=\"font-size: 12pt; color: #ffffff;\">Auftragsabwicklung<\/span><\/p>\n<p style=\"text-align: center;\"><span style=\"font-size: 12pt; color: #ffffff;\">+49 2331 379952<\/span><\/p>\n<p style=\"text-align: center;\"><a href=\"https:\/\/www.wilke-hagen.de\/?page_id=1139\" target=\"_blank\" rel=\"noopener\"><img loading=\"lazy\" decoding=\"async\" class=\"aligncenter wp-image-1229\" src=\"https:\/\/www.wilke-hagen.de\/wp-content\/uploads\/2023\/12\/mail-300x300.png\" alt=\"\" width=\"100\" height=\"100\" srcset=\"https:\/\/www.wilke-hagen.de\/wp-content\/uploads\/2023\/12\/mail-300x300.png 300w, https:\/\/www.wilke-hagen.de\/wp-content\/uploads\/2023\/12\/mail-150x150.png 150w, https:\/\/www.wilke-hagen.de\/wp-content\/uploads\/2023\/12\/mail-375x375.png 375w, https:\/\/www.wilke-hagen.de\/wp-content\/uploads\/2023\/12\/mail.png 512w\" sizes=\"auto, (max-width: 100px) 100vw, 100px\" \/><\/a><\/p>\n<\/div>\n<\/div>\n<\/div><\/div><\/div><\/div><div id=\"pgc-140-2-2\"  class=\"panel-grid-cell\" ><div id=\"panel-140-2-2-0\" class=\"so-panel widget widget_sow-editor panel-first-child\" data-index=\"8\" ><div class=\"panel-widget-style panel-widget-style-for-140-2-2-0\" ><div\n\t\t\t\n\t\t\tclass=\"so-widget-sow-editor so-widget-sow-editor-base\"\n\t\t\t\n\t\t><h3 class=\"widget-title\">Vormaterialeinkauf<\/h3>\n<div class=\"siteorigin-widget-tinymce textwidget\">\n\t<div class=\"siteorigin-widget-tinymce textwidget\">\n<p><img loading=\"lazy\" decoding=\"async\" class=\"aligncenter wp-image-928\" src=\"https:\/\/www.wilke-hagen.de\/wp-content\/uploads\/2023\/11\/Guenter_Hassenpflug_klein-200x300.jpg\" alt=\"\" width=\"133\" height=\"200\" srcset=\"https:\/\/www.wilke-hagen.de\/wp-content\/uploads\/2023\/11\/Guenter_Hassenpflug_klein-200x300.jpg 200w, https:\/\/www.wilke-hagen.de\/wp-content\/uploads\/2023\/11\/Guenter_Hassenpflug_klein.jpg 375w\" sizes=\"auto, (max-width: 133px) 100vw, 133px\" \/><\/p>\n<p style=\"text-align: center;\"><span style=\"font-size: 12pt; color: #ffffff;\">G\u00fcnter Hassenpflug<\/span><\/p>\n<p style=\"text-align: center;\"><span style=\"font-size: 12pt; color: #ffffff;\">Vormaterialeinkauf<\/span><\/p>\n<p style=\"text-align: center;\"><span style=\"font-size: 12pt; color: #ffffff;\">+49 2331 379957<\/span><\/p>\n<p style=\"text-align: center;\"><a href=\"https:\/\/www.wilke-hagen.de\/?page_id=1137\" target=\"_blank\" rel=\"noopener\"><img loading=\"lazy\" decoding=\"async\" class=\"aligncenter wp-image-1229\" src=\"https:\/\/www.wilke-hagen.de\/wp-content\/uploads\/2023\/12\/mail-300x300.png\" alt=\"\" width=\"100\" height=\"100\" srcset=\"https:\/\/www.wilke-hagen.de\/wp-content\/uploads\/2023\/12\/mail-300x300.png 300w, https:\/\/www.wilke-hagen.de\/wp-content\/uploads\/2023\/12\/mail-150x150.png 150w, https:\/\/www.wilke-hagen.de\/wp-content\/uploads\/2023\/12\/mail-375x375.png 375w, https:\/\/www.wilke-hagen.de\/wp-content\/uploads\/2023\/12\/mail.png 512w\" sizes=\"auto, (max-width: 100px) 100vw, 100px\" \/><\/a><\/p>\n<\/div>\n<\/div>\n<\/div><\/div><\/div><div id=\"panel-140-2-2-1\" class=\"so-panel widget widget_sow-editor panel-last-child\" data-index=\"9\" ><div class=\"panel-widget-style panel-widget-style-for-140-2-2-1\" ><div\n\t\t\t\n\t\t\tclass=\"so-widget-sow-editor so-widget-sow-editor-base\"\n\t\t\t\n\t\t><h3 class=\"widget-title\">Betriebsltg.\/Technik<\/h3>\n<div class=\"siteorigin-widget-tinymce textwidget\">\n\t<div class=\"siteorigin-widget-tinymce textwidget\">\n<p><img loading=\"lazy\" decoding=\"async\" class=\"aligncenter wp-image-929\" src=\"https:\/\/www.wilke-hagen.de\/wp-content\/uploads\/2023\/11\/Klaus_Chojetzki_klein-200x300.jpg\" alt=\"\" width=\"133\" height=\"200\" srcset=\"https:\/\/www.wilke-hagen.de\/wp-content\/uploads\/2023\/11\/Klaus_Chojetzki_klein-200x300.jpg 200w, https:\/\/www.wilke-hagen.de\/wp-content\/uploads\/2023\/11\/Klaus_Chojetzki_klein.jpg 375w\" sizes=\"auto, (max-width: 133px) 100vw, 133px\" \/><\/p>\n<p style=\"text-align: center;\"><span style=\"font-size: 12pt; color: #ffffff;\">Klaus Chojetzki<\/span><\/p>\n<p style=\"text-align: center;\"><span style=\"font-size: 12pt; color: #ffffff;\">Betriebsltg.\/Technik<\/span><\/p>\n<p style=\"text-align: center;\"><span style=\"font-size: 12pt; color: #ffffff;\">+49 2331 379959<\/span><\/p>\n<p style=\"text-align: center;\"><a href=\"https:\/\/www.wilke-hagen.de\/?page_id=1141\" target=\"_blank\" rel=\"noopener\"><img loading=\"lazy\" decoding=\"async\" class=\"aligncenter wp-image-1229\" src=\"https:\/\/www.wilke-hagen.de\/wp-content\/uploads\/2023\/12\/mail-300x300.png\" alt=\"\" width=\"100\" height=\"100\" srcset=\"https:\/\/www.wilke-hagen.de\/wp-content\/uploads\/2023\/12\/mail-300x300.png 300w, https:\/\/www.wilke-hagen.de\/wp-content\/uploads\/2023\/12\/mail-150x150.png 150w, https:\/\/www.wilke-hagen.de\/wp-content\/uploads\/2023\/12\/mail-375x375.png 375w, https:\/\/www.wilke-hagen.de\/wp-content\/uploads\/2023\/12\/mail.png 512w\" sizes=\"auto, (max-width: 100px) 100vw, 100px\" \/><\/a><\/p>\n<\/div>\n<\/div>\n<\/div><\/div><\/div><\/div><div id=\"pgc-140-2-3\"  class=\"panel-grid-cell\" ><div id=\"panel-140-2-3-0\" class=\"so-panel widget widget_sow-contact-form panel-first-child panel-last-child\" data-index=\"10\" ><div class=\"panel-widget-style panel-widget-style-for-140-2-3-0\" ><div\n\t\t\t\n\t\t\tclass=\"so-widget-sow-contact-form so-widget-sow-contact-form-default-dfaa40f09a99-140\"\n\t\t\t\n\t\t><h3 class=\"widget-title\">Email an die Wilke GmbH<\/h3>\t<form\n\t\taction=\"\/index.php?rest_route=%2Fwp%2Fv2%2Fpages%2F140\"\n\t\tmethod=\"POST\"\n\t\tclass=\"sow-contact-form\"\n\t\tid=\"contact-form-0a18\"\n\t>\n\n\t\t\n\t\t\t\t\t<div class=\"sow-form-field sow-form-field-name\">\n\t\t\t\t<label class=\"sow-form-field-label-above\" for=\"sow-contact-form-field-name-1\">\n\t\t\t\t<strong>\n\t\t\t\t\tName\t\t\t\t\t\t\t\t\t<\/strong>\n\t\t\t<\/label>\n\t\t\t\t\t\t\t<div class=\"sow-field-container\">\n\t\t\t\t\t\t\t<input\n\t\t\ttype=\"text\"\n\t\t\tname=\"name-1\"\n\t\t\tid=\"sow-contact-form-field-name-1\"\n\t\t\tvalue=\"\"\n\t\t\tclass=\"sow-text-field\"\n\t\t\t\t\t\t\t\t\/>\n\t\t\t\t\t\t<\/div>\n\t\t\t\t\t\t\t<\/div>\n\t\t\t\t\t\t<div class=\"sow-form-field sow-form-field-email\">\n\t\t\t\t<label class=\"sow-form-field-label-above\" for=\"sow-contact-form-field-e-mail-1\">\n\t\t\t\t<strong>\n\t\t\t\t\tE-Mail\t\t\t\t\t\t\t\t\t<\/strong>\n\t\t\t<\/label>\n\t\t\t\t\t\t\t<div class=\"sow-field-container\">\n\t\t\t\t\t\t\t<input\n\t\t\ttype=\"email\"\n\t\t\tname=\"e-mail-1\"\n\t\t\tid=\"sow-contact-form-field-e-mail-1\"\n\t\t\tvalue=\"\"\n\t\t\tclass=\"sow-text-field\"\t\t\t\t\t\t\t\t\/>\n\t\t\t\t\t\t<\/div>\n\t\t\t\t\t\t\t<\/div>\n\t\t\t\t\t\t<div class=\"sow-form-field sow-form-field-text\">\n\t\t\t\t<label class=\"sow-form-field-label-above\" for=\"sow-contact-form-field-firma-1\">\n\t\t\t\t<strong>\n\t\t\t\t\tFirma\t\t\t\t\t\t\t\t\t<\/strong>\n\t\t\t<\/label>\n\t\t\t\t\t\t\t<div class=\"sow-field-container\">\n\t\t\t\t\t\t\t<input\n\t\t\ttype=\"text\"\n\t\t\tname=\"firma-1\"\n\t\t\tid=\"sow-contact-form-field-firma-1\"\n\t\t\tvalue=\"\"\n\t\t\tclass=\"sow-text-field\"\t\t\t\t\t\t\t\t\/>\n\t\t\t\t\t\t<\/div>\n\t\t\t\t\t\t\t<\/div>\n\t\t\t\t\t\t<div class=\"sow-form-field sow-form-field-tel\">\n\t\t\t\t<label class=\"sow-form-field-label-above\" for=\"sow-contact-form-field-bitte-rufen-sie-mich-unter-dieser-nummer-zurueck-1\">\n\t\t\t\t<strong>\n\t\t\t\t\tBitte rufen Sie mich unter dieser Nummer zur\u00fcck:\t\t\t\t\t\t\t\t\t<\/strong>\n\t\t\t<\/label>\n\t\t\t\t\t\t\t<div class=\"sow-field-container\">\n\t\t\t\t\t\t\t<input\n\t\t\ttype=\"tel\"\n\t\t\tname=\"bitte-rufen-sie-mich-unter-dieser-nummer-zurueck-1\"\n\t\t\tid=\"sow-contact-form-field-bitte-rufen-sie-mich-unter-dieser-nummer-zurueck-1\"\n\t\t\tvalue=\"\"\n\t\t\tclass=\"sow-text-field\"\t\t\t\t\t\t\t\t\/>\n\t\t\t\t\t\t<\/div>\n\t\t\t\t\t\t\t<\/div>\n\t\t\t\t\t\t<div class=\"sow-form-field sow-form-field-textarea\">\n\t\t\t\t<label class=\"sow-form-field-label-above\" for=\"sow-contact-form-field-ihre-nachricht-1\">\n\t\t\t\t<strong>\n\t\t\t\t\tIhre Nachricht\t\t\t\t\t\t\t\t\t<\/strong>\n\t\t\t<\/label>\n\t\t\t\t\t\t\t<div class=\"sow-field-container\">\n\t\t\t\t\t\t\t<textarea\n\t\t\tname=\"ihre-nachricht-1\"\n\t\t\tid=\"sow-contact-form-field-ihre-nachricht-1\"\n\t\t\trows=\"10\"\n\t\t\t\t\t\t\t\t><\/textarea>\n\t\t\t\t\t\t<\/div>\n\t\t\t\t\t\t\t<\/div>\n\t\t\t\t\t\t<div class=\"sow-form-field sow-form-field-checkboxes\">\n\t\t\t\t<label class=\"sow-form-field-label-above\" for=\"sow-contact-form-field-datenschutzbestimmung-1\">\n\t\t\t\t<strong>\n\t\t\t\t\tDatenschutzbestimmung\t\t\t\t\t\t\t\t\t<\/strong>\n\t\t\t<\/label>\n\t\t\t\t\t\t\t<div class=\"sow-field-container\">\n\t\t\t\t\t\t\t\t<ul>\n\t\t\t\t\t\t\t\t\t\t\t\t\t\t<li>\n\t\t\t\t\t\t<input\n\t\t\t\t\t\t\ttype=\"checkbox\"\n\t\t\t\t\t\t\tvalue=\"Ich erkl\u00e4re mich mit der Verarbeitung meiner Angaben zum Zweck der Beantwortung meiner Anfrage einverstanden.\"\n\t\t\t\t\t\t\tname=\"datenschutzbestimmung-1[]\"\n\t\t\t\t\t\t\tid=\"sow-contact-form-field-datenschutzbestimmung-1-0\"\n\t\t\t\t\t\t\t\t\t\t\t\t\t\t\t\t\t\t\t\t\/>\n\t\t\t\t\t\t<label for=\"sow-contact-form-field-datenschutzbestimmung-1-0\">\n\t\t\t\t\t\t\tIch erkl\u00e4re mich mit der Verarbeitung meiner Angaben zum Zweck der Beantwortung meiner Anfrage einverstanden.\t\t\t\t\t\t<\/label>\n\t\t\t\t\t<\/li>\n\t\t\t\t\t\t\t<\/ul>\n\t\t\t\t\t\t<\/div>\n\t\t\t\t\t\t\t<\/div>\n\t\t\t\n\t\t\n\t\t<div class=\"sow-submit-wrapper \n\t\tsow-submit-styled\t\t\">\n\n\t\t\t<button\n\t\t\t\ttype=\"submit\"\n\t\t\t\tclass=\"sow-submit\n\t\t\t\t\t\t\t\t\"\n\t\t\t\t\t\t\t>\n\t\t\t\tMail senden\t\t\t<\/button>\n\t\t<\/div>\n\t\t\t\t<input\n\t\t\ttype=\"hidden\"\n\t\t\tname=\"instance_hash-1\"\n\t\t\tvalue=\"0a18b5ea\"\n\t\t\/>\n\n\t\t<input type=\"hidden\" id=\"_wpnonce\" name=\"_wpnonce\" value=\"f42e176b65\" \/><input type=\"hidden\" name=\"_wp_http_referer\" value=\"\/index.php?rest_route=%2Fwp%2Fv2%2Fpages%2F140\" \/>\t<\/form>\n\t<\/div><\/div><\/div><\/div><\/div><\/div><\/div>","protected":false},"excerpt":{"rendered":"<p>Thomas Radtke Gesch\u00e4ftsf\u00fchrung +49 2374 935105 Niklas Wilke Gesch\u00e4ftsf\u00fchrung +49 2331 379951 Wilke GmbH Eilper Stra\u00dfe 113a D-58091 Hagen Phone +49 (0) 2331\/3799-50 Fax Fax: +49 (0) 2331\/3799-60 Internet: www.wilke-hagen.de<\/p>\n","protected":false},"author":1,"featured_media":0,"parent":0,"menu_order":0,"comment_status":"closed","ping_status":"closed","template":"","meta":{"footnotes":""},"class_list":["post-140","page","type-page","status-publish","hentry","post"],"_links":{"self":[{"href":"https:\/\/www.wilke-hagen.de\/index.php?rest_route=\/wp\/v2\/pages\/140","targetHints":{"allow":["GET"]}}],"collection":[{"href":"https:\/\/www.wilke-hagen.de\/index.php?rest_route=\/wp\/v2\/pages"}],"about":[{"href":"https:\/\/www.wilke-hagen.de\/index.php?rest_route=\/wp\/v2\/types\/page"}],"author":[{"embeddable":true,"href":"https:\/\/www.wilke-hagen.de\/index.php?rest_route=\/wp\/v2\/users\/1"}],"replies":[{"embeddable":true,"href":"https:\/\/www.wilke-hagen.de\/index.php?rest_route=%2Fwp%2Fv2%2Fcomments&post=140"}],"version-history":[{"count":65,"href":"https:\/\/www.wilke-hagen.de\/index.php?rest_route=\/wp\/v2\/pages\/140\/revisions"}],"predecessor-version":[{"id":1345,"href":"https:\/\/www.wilke-hagen.de\/index.php?rest_route=\/wp\/v2\/pages\/140\/revisions\/1345"}],"wp:attachment":[{"href":"https:\/\/www.wilke-hagen.de\/index.php?rest_route=%2Fwp%2Fv2%2Fmedia&parent=140"}],"curies":[{"name":"wp","href":"https:\/\/api.w.org\/{rel}","templated":true}]}}